{"id":104,"date":"2022-04-05T12:28:35","date_gmt":"2022-04-05T10:28:35","guid":{"rendered":"https:\/\/lightweb.dev\/l\/svm-temp\/?page_id=104"},"modified":"2025-02-10T05:31:28","modified_gmt":"2025-02-10T04:31:28","slug":"prenumerera-pa-svenska-magasinet","status":"publish","type":"page","link":"https:\/\/lightweb.dev\/l\/svm-temp\/prenumerera-pa-svenska-magasinet\/","title":{"rendered":"Prenumerera p\u00e5 Svenska Magasinet"},"content":{"rendered":"<p>[et_pb_section fb_built=&#8221;1&#8243; _builder_version=&#8221;4.27.4&#8243; background_color=&#8221;#efefef&#8221; global_colors_info=&#8221;{}&#8221; locked=&#8221;off&#8221;][et_pb_row column_structure=&#8221;2_3,1_3&#8243; _builder_version=&#8221;4.16&#8243; background_size=&#8221;initial&#8221; background_position=&#8221;top_left&#8221; background_repeat=&#8221;repeat&#8221; locked=&#8221;off&#8221; global_colors_info=&#8221;{}&#8221;][et_pb_column type=&#8221;2_3&#8243; _builder_version=&#8221;4.16&#8243; custom_padding=&#8221;|||&#8221; global_colors_info=&#8221;{}&#8221; custom_padding__hover=&#8221;|||&#8221;][et_pb_text _builder_version=&#8221;4.27.4&#8243; _dynamic_attributes=&#8221;content&#8221; _module_preset=&#8221;default&#8221; header_font=&#8221;DM Serif Text|700|||||||&#8221; header_font_size=&#8221;42px&#8221; global_colors_info=&#8221;{}&#8221;]@ET-DC@eyJkeW5hbWljIjp0cnVlLCJjb250ZW50IjoicG9zdF90aXRsZSIsInNldHRpbmdzIjp7ImJlZm9yZSI6IjxoMT4iLCJhZnRlciI6IjwvaDE+In19@[\/et_pb_text][et_pb_text _builder_version=&#8221;4.27.4&#8243; background_size=&#8221;initial&#8221; background_position=&#8221;top_left&#8221; background_repeat=&#8221;repeat&#8221; global_colors_info=&#8221;{}&#8221;]<\/p>\n<h2>F\u00e5 hem Svenska Magasinet till din brevl\u00e5da!<\/h2>\n<p>Svenska Magasinet kommer ut den 15 i varje m\u00e5nad och vi skickar tidningen fr\u00e5n Spanien i samband med utgivningen.<\/p>\n<p>[\/et_pb_text][\/et_pb_column][et_pb_column type=&#8221;1_3&#8243; _builder_version=&#8221;4.16&#8243; custom_padding=&#8221;|||&#8221; global_colors_info=&#8221;{}&#8221; custom_padding__hover=&#8221;|||&#8221;][et_pb_image src=&#8221;https:\/\/lightweb.dev\/l\/svm-temp\/demo2\/wp-content\/uploads\/2024\/08\/SvM-samling-2024.png&#8221; title_text=&#8221;SvM-samling-2024&#8243; _builder_version=&#8221;4.27.4&#8243; _module_preset=&#8221;default&#8221; border_radii=&#8221;on|0px|0px|0px|0px&#8221; global_colors_info=&#8221;{}&#8221;][\/et_pb_image][\/et_pb_column][\/et_pb_row][\/et_pb_section][et_pb_section fb_built=&#8221;1&#8243; _builder_version=&#8221;4.27.4&#8243; _module_preset=&#8221;default&#8221; global_colors_info=&#8221;{}&#8221; locked=&#8221;off&#8221;][et_pb_row column_structure=&#8221;2_3,1_3&#8243; _builder_version=&#8221;4.16.1&#8243; _module_preset=&#8221;default&#8221; global_colors_info=&#8221;{}&#8221;][et_pb_column type=&#8221;2_3&#8243; _builder_version=&#8221;4.16.1&#8243; _module_preset=&#8221;default&#8221; global_colors_info=&#8221;{}&#8221;][et_pb_text _builder_version=&#8221;4.27.4&#8243; _module_preset=&#8221;default&#8221; global_colors_info=&#8221;{}&#8221;]<\/p>\n<p><strong>Prenumerationserbjudanden:<\/strong><\/p>\n<p>1:\u00a0<strong><span style=\"text-decoration: underline;\"><em>Till Sverige med B-post<\/em><\/span><\/strong>, portokostnad 149 Euro f\u00f6r ett \u00e5r.<br \/>(Magasinet k\u00f6rs till Sverige med lastbil och postas som B-Post i Sverige. Ca 2 veckors leverans)<\/p>\n<p>2:\u00a0<span style=\"text-decoration: underline;\"><em><strong>Till \u00f6vriga Europa\u00a0<\/strong><\/em><\/span> portokostnad 129 Euro f\u00f6r ett \u00e5r<\/p>\n<p>3:\u00a0<span style=\"text-decoration: underline;\"><em><strong>Inom Spanien<\/strong><\/em><\/span> 99 Euro f\u00f6r ett \u00e5r.<\/p>\n<p>4:\u00a0<span style=\"text-decoration: underline;\"><em><strong>Enstaka utg\u00e5vor till Sverige<\/strong><\/em><\/span> 32 Euro per styck, gl\u00f6m inte meddela vilket nummer du \u00f6nskar.<\/p>\n<p>Du kan adress\u00e4ndra din prenumeration n\u00e4r du vill, och betalar enkelt och s\u00e4kert med:<\/p>\n<ul>\n<li><span style=\"text-decoration: line-through;\">Kreditkort via PayPal<\/span><\/li>\n<li>Swish<\/li>\n<li>Bank\u00f6verf\u00f6ring<\/li>\n<\/ul>\n<p>F\u00f6r tillf\u00e4llet kan vi enbart ta emot betalningar via bank\u00f6verf\u00f6ring och Swish.<\/p>\n<p>[\/et_pb_text][et_pb_button button_url=&#8221;@ET-DC@eyJkeW5hbWljIjp0cnVlLCJjb250ZW50IjoicG9zdF9saW5rX3VybF9wYWdlIiwic2V0dGluZ3MiOnsicG9zdF9pZCI6IjU2NjEwIn19@&#8221; button_text=&#8221;Best\u00e4ll i v\u00e5r butik h\u00e4r&#8221; button_alignment=&#8221;left&#8221; _builder_version=&#8221;4.27.4&#8243; _dynamic_attributes=&#8221;button_url&#8221; _module_preset=&#8221;default&#8221; global_colors_info=&#8221;{}&#8221;][\/et_pb_button][\/et_pb_column][et_pb_column type=&#8221;1_3&#8243; _builder_version=&#8221;4.16.1&#8243; _module_preset=&#8221;default&#8221; global_colors_info=&#8221;{}&#8221;][et_pb_text _builder_version=&#8221;4.27.4&#8243; _module_preset=&#8221;default&#8221; global_colors_info=&#8221;{}&#8221;]<\/p>\n<p>N\u00e4r du prenumererar p\u00e5 Svenska Magasinet sparas dina uppgifter i v\u00e5rt Prenumerationsregister. Vi anv\u00e4nder inte dessa uppgifter till annat \u00e4n f\u00f6r att kunna skicka Magasinet till dig. V\u00e5r integritetspolicy kan du l\u00e4sa om du trycker p\u00e5 l\u00e4nken nedan.<\/p>\n<p>[\/et_pb_text][et_pb_button button_url=&#8221;@ET-DC@eyJkeW5hbWljIjp0cnVlLCJjb250ZW50IjoicG9zdF9saW5rX3VybF9wYWdlIiwic2V0dGluZ3MiOnsicG9zdF9pZCI6IjMyIn19@&#8221; button_text=&#8221;Integritetspolicy&#8221; _builder_version=&#8221;4.27.4&#8243; _dynamic_attributes=&#8221;button_url&#8221; _module_preset=&#8221;default&#8221; global_colors_info=&#8221;{}&#8221;][\/et_pb_button][\/et_pb_column][\/et_pb_row][\/et_pb_section]<\/p>\n","protected":false},"excerpt":{"rendered":"<p>F\u00e5 hem Svenska Magasinet till din brevl\u00e5da! Svenska Magasinet kommer ut den 15 i varje m\u00e5nad och vi skickar tidningen fr\u00e5n Spanien i samband med utgivningen.Prenumerationserbjudanden: 1:\u00a0Till Sverige med B-post, portokostnad 149 Euro f\u00f6r ett \u00e5r.(Magasinet k\u00f6rs till Sverige med lastbil och postas som B-Post i Sverige. Ca 2 veckors leverans) 2:\u00a0Till \u00f6vriga Europa\u00a0 portokostnad [&hellip;]<\/p>\n","protected":false},"author":1,"featured_media":0,"parent":0,"menu_order":0,"comment_status":"closed","ping_status":"closed","template":"","meta":{"_et_pb_use_builder":"on","_et_pb_old_content":"<!-- wp:paragraph -->\r\n<p><strong>F\u00e5 hem Svenska Magasinet till din brevl\u00e5da!<\/strong><\/p>\r\n<!-- \/wp:paragraph -->\r\n\r\n<!-- wp:paragraph -->\r\n<p><strong>Svenska Magasinet kommer ut den 15 i varje m\u00e5nad och vi skickar tidningen fr\u00e5n Spanien i samband med utgivningen.<\/strong><\/p>\r\n<!-- \/wp:paragraph -->\r\n\r\n<!-- wp:paragraph -->\r\n<p><strong><u>Prenumerationserbjudanden<\/u>:<\/strong><\/p>\r\n<!-- \/wp:paragraph -->\r\n\r\n<!-- wp:paragraph -->\r\n<p><strong>1:\u00a0Till Sverige med\u00a0<em>B-post,<\/em><\/strong>\u00a0portokostnad\u00a079 Euro f\u00f6r ett \u00e5r.<br><em>(Magasinet k\u00f6rs till Sverige med lastbil och postas som B-Post i Sverige. Ca 2 veckors leverans)<\/em><\/p>\r\n<!-- \/wp:paragraph -->\r\n\r\n<!-- wp:paragraph -->\r\n<p><strong>2:\u00a0Till Sverige med\u00a0<em>A-post<\/em>,<\/strong>\u00a0portokostnad 109 Euro f\u00f6r ett \u00e5r.<br><em>(Magasinet l\u00e4ggs p\u00e5 posten i Spanien och g\u00e5r med normalpost till Sverige. Normalt 3-5 dagars leverans)<\/em><\/p>\r\n<!-- \/wp:paragraph -->\r\n\r\n<!-- wp:paragraph -->\r\n<p><strong>3:\u00a0Till \u00f6vriga Europa\u00a0<\/strong>\u00a0portokostnad 109 Euro f\u00f6r ett \u00e5r<\/p>\r\n<!-- \/wp:paragraph -->\r\n\r\n<!-- wp:paragraph -->\r\n<p><strong>4:\u00a0<strong>I<\/strong>nom Spanien<\/strong>\u00a046 Euro f\u00f6r ett \u00e5r.\u00a0<\/p>\r\n<!-- \/wp:paragraph -->\r\n\r\n<!-- wp:paragraph -->\r\n<p><strong>5:\u00a0Enstaka utg\u00e5vor till Sverige<\/strong>\u00a012 Euro per styck, gl\u00f6m inte meddela vilket nummer du \u00f6nskar.<\/p>\r\n<!-- \/wp:paragraph -->\r\n\r\n<!-- wp:paragraph -->\r\n<p>Du kan adress\u00e4ndra din prenumeration n\u00e4r du vill, och betalar\u00a0enkelt och s\u00e4kert med kreditkort via PayPal<\/p>\r\n<!-- \/wp:paragraph -->\r\n\r\n<!-- wp:paragraph -->\r\n<p><em>N\u00e4r du prenumererar p\u00e5 Svenska Magasinet sparas dina uppgifter i v\u00e5rt Prenumerationsregister. Vi anv\u00e4nder inte dessa uppgifter till annat \u00e4n f\u00f6r att kunna skicka Magasinet till dig. V\u00e5r integritetspolicy kan du l\u00e4sa om du trycker p\u00e5 l\u00e4nken nedan.<\/em><\/p>\r\n<!-- \/wp:paragraph -->\r\n\r\n<!-- wp:image {\"linkDestination\":\"custom\"} -->\r\n<figure class=\"wp-block-image\"><a href=\"https:\/\/lightweb.dev\/l\/svm-temp\/page.100.html\"><img src=\"https:\/\/lightweb.dev\/l\/svm-temp\/files\/Image\/Knappar\/Integritetspolicy.jpg\" alt=\"\"\/><\/a><\/figure>\r\n<!-- \/wp:image -->","_et_gb_content_width":"","footnotes":""},"class_list":["post-104","page","type-page","status-publish","hentry"],"yoast_head":"<!-- This site is optimized with the Yoast SEO Premium plugin v26.2 (Yoast SEO v27.4) - https:\/\/yoast.com\/product\/yoast-seo-premium-wordpress\/ -->\n<title>Prenumerera p\u00e5 Svenska Magasinet - Svenska Magasinet<\/title>\n<meta name=\"robots\" content=\"noindex, follow, max-snippet:-1, max-image-preview:large, max-video-preview:-1\" \/>\n<meta property=\"og:locale\" content=\"sv_SE\" \/>\n<meta property=\"og:type\" content=\"article\" \/>\n<meta property=\"og:title\" content=\"Prenumerera p\u00e5 Svenska Magasinet\" \/>\n<meta property=\"og:description\" content=\"F\u00e5 hem Svenska Magasinet till din brevl\u00e5da! Svenska Magasinet kommer ut den 15 i varje m\u00e5nad och vi skickar tidningen fr\u00e5n Spanien i samband med utgivningen.Prenumerationserbjudanden: 1:\u00a0Till Sverige med B-post, portokostnad 149 Euro f\u00f6r ett \u00e5r.(Magasinet k\u00f6rs till Sverige med lastbil och postas som B-Post i Sverige. Ca 2 veckors leverans) 2:\u00a0Till \u00f6vriga Europa\u00a0 portokostnad [&hellip;]\" \/>\n<meta property=\"og:url\" content=\"https:\/\/lightweb.dev\/l\/svm-temp\/prenumerera-pa-svenska-magasinet\/\" \/>\n<meta property=\"og:site_name\" content=\"Svenska Magasinet\" \/>\n<meta property=\"article:publisher\" content=\"https:\/\/www.facebook.com\/svenskamagasinet\" \/>\n<meta property=\"article:modified_time\" content=\"2025-02-10T04:31:28+00:00\" \/>\n<meta name=\"twitter:card\" content=\"summary_large_image\" \/>\n<meta name=\"twitter:site\" content=\"@SvenskaMagasine\" \/>\n<script type=\"application\/ld+json\" class=\"yoast-schema-graph\">{\"@context\":\"https:\\\/\\\/schema.org\",\"@graph\":[{\"@type\":\"WebPage\",\"@id\":\"https:\\\/\\\/lightweb.dev\\\/l\\\/svm-temp\\\/prenumerera-pa-svenska-magasinet\\\/\",\"url\":\"https:\\\/\\\/lightweb.dev\\\/l\\\/svm-temp\\\/prenumerera-pa-svenska-magasinet\\\/\",\"name\":\"Prenumerera p\u00e5 Svenska Magasinet - Svenska Magasinet\",\"isPartOf\":{\"@id\":\"https:\\\/\\\/lightweb.dev\\\/l\\\/svm-temp\\\/#website\"},\"datePublished\":\"2022-04-05T10:28:35+00:00\",\"dateModified\":\"2025-02-10T04:31:28+00:00\",\"breadcrumb\":{\"@id\":\"https:\\\/\\\/lightweb.dev\\\/l\\\/svm-temp\\\/prenumerera-pa-svenska-magasinet\\\/#breadcrumb\"},\"inLanguage\":\"sv-SE\",\"potentialAction\":[{\"@type\":\"ReadAction\",\"target\":[\"https:\\\/\\\/lightweb.dev\\\/l\\\/svm-temp\\\/prenumerera-pa-svenska-magasinet\\\/\"]}]},{\"@type\":\"BreadcrumbList\",\"@id\":\"https:\\\/\\\/lightweb.dev\\\/l\\\/svm-temp\\\/prenumerera-pa-svenska-magasinet\\\/#breadcrumb\",\"itemListElement\":[{\"@type\":\"ListItem\",\"position\":1,\"name\":\"Hem\",\"item\":\"https:\\\/\\\/lightweb.dev\\\/l\\\/svm-temp\\\/\"},{\"@type\":\"ListItem\",\"position\":2,\"name\":\"Prenumerera p\u00e5 Svenska Magasinet\"}]},{\"@type\":\"WebSite\",\"@id\":\"https:\\\/\\\/lightweb.dev\\\/l\\\/svm-temp\\\/#website\",\"url\":\"https:\\\/\\\/lightweb.dev\\\/l\\\/svm-temp\\\/\",\"name\":\"Svenska Magasinet\",\"description\":\"Dina Spanska nyheter p&aring; Svenska\",\"publisher\":{\"@id\":\"https:\\\/\\\/lightweb.dev\\\/l\\\/svm-temp\\\/#organization\"},\"potentialAction\":[{\"@type\":\"SearchAction\",\"target\":{\"@type\":\"EntryPoint\",\"urlTemplate\":\"https:\\\/\\\/lightweb.dev\\\/l\\\/svm-temp\\\/?s={search_term_string}\"},\"query-input\":{\"@type\":\"PropertyValueSpecification\",\"valueRequired\":true,\"valueName\":\"search_term_string\"}}],\"inLanguage\":\"sv-SE\"},{\"@type\":\"Organization\",\"@id\":\"https:\\\/\\\/lightweb.dev\\\/l\\\/svm-temp\\\/#organization\",\"name\":\"Melkerson y Nott SL\",\"alternateName\":\"Svenska Magasinet\",\"url\":\"https:\\\/\\\/lightweb.dev\\\/l\\\/svm-temp\\\/\",\"logo\":{\"@type\":\"ImageObject\",\"inLanguage\":\"sv-SE\",\"@id\":\"https:\\\/\\\/lightweb.dev\\\/l\\\/svm-temp\\\/#\\\/schema\\\/logo\\\/image\\\/\",\"url\":\"https:\\\/\\\/lightweb.dev\\\/l\\\/svm-temp\\\/wp-content\\\/uploads\\\/2025\\\/02\\\/SvM-logo-Xtra-Centrerad-SVART.png\",\"contentUrl\":\"https:\\\/\\\/lightweb.dev\\\/l\\\/svm-temp\\\/wp-content\\\/uploads\\\/2025\\\/02\\\/SvM-logo-Xtra-Centrerad-SVART.png\",\"width\":300,\"height\":99,\"caption\":\"Melkerson y Nott SL\"},\"image\":{\"@id\":\"https:\\\/\\\/lightweb.dev\\\/l\\\/svm-temp\\\/#\\\/schema\\\/logo\\\/image\\\/\"},\"sameAs\":[\"https:\\\/\\\/www.facebook.com\\\/svenskamagasinet\",\"https:\\\/\\\/x.com\\\/SvenskaMagasine\"]}]}<\/script>\n<!-- \/ Yoast SEO Premium plugin. -->","yoast_head_json":{"title":"Prenumerera p\u00e5 Svenska Magasinet - Svenska Magasinet","robots":{"index":"noindex","follow":"follow","max-snippet":"max-snippet:-1","max-image-preview":"max-image-preview:large","max-video-preview":"max-video-preview:-1"},"og_locale":"sv_SE","og_type":"article","og_title":"Prenumerera p\u00e5 Svenska Magasinet","og_description":"F\u00e5 hem Svenska Magasinet till din brevl\u00e5da! Svenska Magasinet kommer ut den 15 i varje m\u00e5nad och vi skickar tidningen fr\u00e5n Spanien i samband med utgivningen.Prenumerationserbjudanden: 1:\u00a0Till Sverige med B-post, portokostnad 149 Euro f\u00f6r ett \u00e5r.(Magasinet k\u00f6rs till Sverige med lastbil och postas som B-Post i Sverige. Ca 2 veckors leverans) 2:\u00a0Till \u00f6vriga Europa\u00a0 portokostnad [&hellip;]","og_url":"https:\/\/lightweb.dev\/l\/svm-temp\/prenumerera-pa-svenska-magasinet\/","og_site_name":"Svenska Magasinet","article_publisher":"https:\/\/www.facebook.com\/svenskamagasinet","article_modified_time":"2025-02-10T04:31:28+00:00","twitter_card":"summary_large_image","twitter_site":"@SvenskaMagasine","schema":{"@context":"https:\/\/schema.org","@graph":[{"@type":"WebPage","@id":"https:\/\/lightweb.dev\/l\/svm-temp\/prenumerera-pa-svenska-magasinet\/","url":"https:\/\/lightweb.dev\/l\/svm-temp\/prenumerera-pa-svenska-magasinet\/","name":"Prenumerera p\u00e5 Svenska Magasinet - Svenska Magasinet","isPartOf":{"@id":"https:\/\/lightweb.dev\/l\/svm-temp\/#website"},"datePublished":"2022-04-05T10:28:35+00:00","dateModified":"2025-02-10T04:31:28+00:00","breadcrumb":{"@id":"https:\/\/lightweb.dev\/l\/svm-temp\/prenumerera-pa-svenska-magasinet\/#breadcrumb"},"inLanguage":"sv-SE","potentialAction":[{"@type":"ReadAction","target":["https:\/\/lightweb.dev\/l\/svm-temp\/prenumerera-pa-svenska-magasinet\/"]}]},{"@type":"BreadcrumbList","@id":"https:\/\/lightweb.dev\/l\/svm-temp\/prenumerera-pa-svenska-magasinet\/#breadcrumb","itemListElement":[{"@type":"ListItem","position":1,"name":"Hem","item":"https:\/\/lightweb.dev\/l\/svm-temp\/"},{"@type":"ListItem","position":2,"name":"Prenumerera p\u00e5 Svenska Magasinet"}]},{"@type":"WebSite","@id":"https:\/\/lightweb.dev\/l\/svm-temp\/#website","url":"https:\/\/lightweb.dev\/l\/svm-temp\/","name":"Svenska Magasinet","description":"Dina Spanska nyheter p&aring; Svenska","publisher":{"@id":"https:\/\/lightweb.dev\/l\/svm-temp\/#organization"},"potentialAction":[{"@type":"SearchAction","target":{"@type":"EntryPoint","urlTemplate":"https:\/\/lightweb.dev\/l\/svm-temp\/?s={search_term_string}"},"query-input":{"@type":"PropertyValueSpecification","valueRequired":true,"valueName":"search_term_string"}}],"inLanguage":"sv-SE"},{"@type":"Organization","@id":"https:\/\/lightweb.dev\/l\/svm-temp\/#organization","name":"Melkerson y Nott SL","alternateName":"Svenska Magasinet","url":"https:\/\/lightweb.dev\/l\/svm-temp\/","logo":{"@type":"ImageObject","inLanguage":"sv-SE","@id":"https:\/\/lightweb.dev\/l\/svm-temp\/#\/schema\/logo\/image\/","url":"https:\/\/lightweb.dev\/l\/svm-temp\/wp-content\/uploads\/2025\/02\/SvM-logo-Xtra-Centrerad-SVART.png","contentUrl":"https:\/\/lightweb.dev\/l\/svm-temp\/wp-content\/uploads\/2025\/02\/SvM-logo-Xtra-Centrerad-SVART.png","width":300,"height":99,"caption":"Melkerson y Nott SL"},"image":{"@id":"https:\/\/lightweb.dev\/l\/svm-temp\/#\/schema\/logo\/image\/"},"sameAs":["https:\/\/www.facebook.com\/svenskamagasinet","https:\/\/x.com\/SvenskaMagasine"]}]}},"_links":{"self":[{"href":"https:\/\/lightweb.dev\/l\/svm-temp\/wp-json\/wp\/v2\/pages\/104","targetHints":{"allow":["GET"]}}],"collection":[{"href":"https:\/\/lightweb.dev\/l\/svm-temp\/wp-json\/wp\/v2\/pages"}],"about":[{"href":"https:\/\/lightweb.dev\/l\/svm-temp\/wp-json\/wp\/v2\/types\/page"}],"author":[{"embeddable":true,"href":"https:\/\/lightweb.dev\/l\/svm-temp\/wp-json\/wp\/v2\/users\/1"}],"replies":[{"embeddable":true,"href":"https:\/\/lightweb.dev\/l\/svm-temp\/wp-json\/wp\/v2\/comments?post=104"}],"version-history":[{"count":0,"href":"https:\/\/lightweb.dev\/l\/svm-temp\/wp-json\/wp\/v2\/pages\/104\/revisions"}],"wp:attachment":[{"href":"https:\/\/lightweb.dev\/l\/svm-temp\/wp-json\/wp\/v2\/media?parent=104"}],"curies":[{"name":"wp","href":"https:\/\/api.w.org\/{rel}","templated":true}]}}